{"id":753,"date":"2022-03-07T00:59:11","date_gmt":"2022-03-06T23:59:11","guid":{"rendered":"https:\/\/epe-lolivier.fr\/?page_id=753"},"modified":"2022-03-07T01:19:41","modified_gmt":"2022-03-07T00:19:41","slug":"le-petit-olivier","status":"publish","type":"page","link":"https:\/\/epe-lolivier.fr\/index.php\/le-petit-olivier\/","title":{"rendered":"Le Petit Olivier"},"content":{"rendered":"\n<h2 class=\"wp-block-heading\"><span class=\"has-inline-color has-custom-color-1-color\">L&rsquo;espace \u00ab\u00a0Enfants\u00a0\u00bb de l&rsquo;Olivier<\/span><\/h2>\n\n\n\n<p>Deux fois par mois <strong>les enfants de 5 \u00e0 14 ans<\/strong> sont pris en charge pour un temps d&rsquo;animation (en principe de 11h \u00e0 12h) par une \u00e9quipe form\u00e9e et motiv\u00e9e.<\/p>\n\n\n\n<p>Nous disposons aussi d&rsquo;un \u00ab\u00a0coin\u00a0\u00bb <strong> nurserie <\/strong>dans notre salle de culte (tapis et jeux pour les p&rsquo;tits bouts).<\/p>\n\n\n\n<p><\/p>\n","protected":false},"excerpt":{"rendered":"<p>L&rsquo;espace \u00ab\u00a0Enfants\u00a0\u00bb de l&rsquo;Olivier Deux fois par mois les enfants de 5 \u00e0 14 ans sont pris en charge pour&hellip;<\/p>\n","protected":false},"author":1,"featured_media":0,"parent":0,"menu_order":0,"comment_status":"closed","ping_status":"closed","template":"","meta":{"footnotes":""},"class_list":["post-753","page","type-page","status-publish","hentry"],"_links":{"self":[{"href":"https:\/\/epe-lolivier.fr\/index.php\/wp-json\/wp\/v2\/pages\/753","targetHints":{"allow":["GET"]}}],"collection":[{"href":"https:\/\/epe-lolivier.fr\/index.php\/wp-json\/wp\/v2\/pages"}],"about":[{"href":"https:\/\/epe-lolivier.fr\/index.php\/wp-json\/wp\/v2\/types\/page"}],"author":[{"embeddable":true,"href":"https:\/\/epe-lolivier.fr\/index.php\/wp-json\/wp\/v2\/users\/1"}],"replies":[{"embeddable":true,"href":"https:\/\/epe-lolivier.fr\/index.php\/wp-json\/wp\/v2\/comments?post=753"}],"version-history":[{"count":6,"href":"https:\/\/epe-lolivier.fr\/index.php\/wp-json\/wp\/v2\/pages\/753\/revisions"}],"predecessor-version":[{"id":767,"href":"https:\/\/epe-lolivier.fr\/index.php\/wp-json\/wp\/v2\/pages\/753\/revisions\/767"}],"wp:attachment":[{"href":"https:\/\/epe-lolivier.fr\/index.php\/wp-json\/wp\/v2\/media?parent=753"}],"curies":[{"name":"wp","href":"https:\/\/api.w.org\/{rel}","templated":true}]}}