{"id":654,"date":"2020-03-20T23:44:42","date_gmt":"2020-03-20T22:44:42","guid":{"rendered":"https:\/\/epe-lolivier.fr\/?page_id=654"},"modified":"2026-02-16T17:15:04","modified_gmt":"2026-02-16T16:15:04","slug":"actualites","status":"publish","type":"page","link":"https:\/\/epe-lolivier.fr\/index.php\/actualites\/","title":{"rendered":"Actualit\u00e9s"},"content":{"rendered":"\n<p><\/p>\n\n\n\n<h2 class=\"wp-block-heading\">Invitation : Parcours D\u00e9couverte de l&rsquo;Evangile<\/h2>\n\n\n\n<figure class=\"wp-block-image size-large is-resized\"><img fetchpriority=\"high\" decoding=\"async\" width=\"724\" height=\"1024\" src=\"https:\/\/epe-lolivier.fr\/wp-content\/uploads\/2026\/02\/La-grande-traversee-2026_1-2-724x1024.jpg\" alt=\"\" class=\"wp-image-833\" style=\"aspect-ratio:0.7070404089478465;width:577px;height:auto\" srcset=\"https:\/\/epe-lolivier.fr\/wp-content\/uploads\/2026\/02\/La-grande-traversee-2026_1-2-724x1024.jpg 724w, https:\/\/epe-lolivier.fr\/wp-content\/uploads\/2026\/02\/La-grande-traversee-2026_1-2-212x300.jpg 212w, https:\/\/epe-lolivier.fr\/wp-content\/uploads\/2026\/02\/La-grande-traversee-2026_1-2-768x1086.jpg 768w, https:\/\/epe-lolivier.fr\/wp-content\/uploads\/2026\/02\/La-grande-traversee-2026_1-2.jpg 905w\" sizes=\"(max-width: 724px) 100vw, 724px\" \/><\/figure>\n\n\n\n<figure class=\"wp-block-image size-large is-resized\"><img decoding=\"async\" width=\"724\" height=\"1024\" src=\"https:\/\/epe-lolivier.fr\/wp-content\/uploads\/2026\/02\/La-grande-traversee-2026_2-2-1-724x1024.jpg\" alt=\"\" class=\"wp-image-836\" style=\"aspect-ratio:0.7070358351170337;width:581px;height:auto\" srcset=\"https:\/\/epe-lolivier.fr\/wp-content\/uploads\/2026\/02\/La-grande-traversee-2026_2-2-1-724x1024.jpg 724w, https:\/\/epe-lolivier.fr\/wp-content\/uploads\/2026\/02\/La-grande-traversee-2026_2-2-1-212x300.jpg 212w, https:\/\/epe-lolivier.fr\/wp-content\/uploads\/2026\/02\/La-grande-traversee-2026_2-2-1-768x1086.jpg 768w, https:\/\/epe-lolivier.fr\/wp-content\/uploads\/2026\/02\/La-grande-traversee-2026_2-2-1.jpg 905w\" sizes=\"(max-width: 724px) 100vw, 724px\" \/><\/figure>\n\n\n\n<p><\/p>\n\n\n\n<h2 class=\"wp-block-heading\">L&rsquo;Evangile de Christ en vid\u00e9o !<\/h2>\n\n\n\n<p>En attendant de vous rencontrer, voici une vid\u00e9o qui pr\u00e9sente la Bonne Nouvelle de J\u00e9sus-Christ. Bon visionnage &amp; \u00e0 bient\u00f4t !<\/p>\n\n\n\n<figure class=\"wp-block-embed is-type-video is-provider-youtube wp-block-embed-youtube wp-embed-aspect-16-9 wp-has-aspect-ratio\"><div class=\"wp-block-embed__wrapper\">\n<iframe title=\"J\u00e9sus-Christ: Quel \u00e9tait son message?\" width=\"1160\" height=\"653\" src=\"https:\/\/www.youtube.com\/embed\/mdiRHpXE6cI?feature=oembed\" frameborder=\"0\" allow=\"accelerometer; autoplay; clipboard-write; encrypted-media; gyroscope; picture-in-picture; web-share\" referrerpolicy=\"strict-origin-when-cross-origin\" allowfullscreen><\/iframe>\n<\/div><\/figure>\n\n\n\n<p><\/p>\n\n\n\n<p><\/p>\n\n\n\n<p><\/p>\n\n\n\n\n\n<p><\/p>\n","protected":false},"excerpt":{"rendered":"<p>Invitation : Parcours D\u00e9couverte de l&rsquo;Evangile L&rsquo;Evangile de Christ en vid\u00e9o ! En attendant de vous rencontrer, voici une vid\u00e9o&hellip;<\/p>\n","protected":false},"author":1,"featured_media":0,"parent":0,"menu_order":0,"comment_status":"closed","ping_status":"closed","template":"","meta":{"footnotes":""},"class_list":["post-654","page","type-page","status-publish","hentry"],"_links":{"self":[{"href":"https:\/\/epe-lolivier.fr\/index.php\/wp-json\/wp\/v2\/pages\/654","targetHints":{"allow":["GET"]}}],"collection":[{"href":"https:\/\/epe-lolivier.fr\/index.php\/wp-json\/wp\/v2\/pages"}],"about":[{"href":"https:\/\/epe-lolivier.fr\/index.php\/wp-json\/wp\/v2\/types\/page"}],"author":[{"embeddable":true,"href":"https:\/\/epe-lolivier.fr\/index.php\/wp-json\/wp\/v2\/users\/1"}],"replies":[{"embeddable":true,"href":"https:\/\/epe-lolivier.fr\/index.php\/wp-json\/wp\/v2\/comments?post=654"}],"version-history":[{"count":51,"href":"https:\/\/epe-lolivier.fr\/index.php\/wp-json\/wp\/v2\/pages\/654\/revisions"}],"predecessor-version":[{"id":839,"href":"https:\/\/epe-lolivier.fr\/index.php\/wp-json\/wp\/v2\/pages\/654\/revisions\/839"}],"wp:attachment":[{"href":"https:\/\/epe-lolivier.fr\/index.php\/wp-json\/wp\/v2\/media?parent=654"}],"curies":[{"name":"wp","href":"https:\/\/api.w.org\/{rel}","templated":true}]}}