{"id":197,"date":"2019-12-28T14:32:31","date_gmt":"2019-12-28T13:32:31","guid":{"rendered":"http:\/\/epese.fr\/?page_id=197"},"modified":"2022-09-10T22:30:02","modified_gmt":"2022-09-10T20:30:02","slug":"mot-de-bienvenue","status":"publish","type":"page","link":"https:\/\/epe-lolivier.fr\/","title":{"rendered":"Mot de Bienvenue"},"content":{"rendered":"\t\t<div data-elementor-type=\"wp-page\" data-elementor-id=\"197\" class=\"elementor elementor-197\">\n\t\t\t\t\t\t\t\t\t<section class=\"elementor-section elementor-top-section elementor-element elementor-element-4f8c1471 elementor-section-boxed elementor-section-height-default elementor-section-height-default\" data-id=\"4f8c1471\" data-element_type=\"section\">\n\t\t\t\t\t\t<div class=\"elementor-container elementor-column-gap-default\">\n\t\t\t\t\t<div class=\"elementor-column elementor-col-100 elementor-top-column elementor-element elementor-element-793d5b0a\" data-id=\"793d5b0a\" data-element_type=\"column\">\n\t\t\t<div class=\"elementor-widget-wrap elementor-element-populated\">\n\t\t\t\t\t\t\t\t<div class=\"elementor-element elementor-element-7783feec elementor-widget elementor-widget-text-editor\" data-id=\"7783feec\" data-element_type=\"widget\" data-widget_type=\"text-editor.default\">\n\t\t\t\t<div class=\"elementor-widget-container\">\n\t\t\t\t\t\t\t<!-- wp:paragraph -->\n<p>Cher visiteur,<\/p>\n<!-- \/wp:paragraph --><!-- wp:paragraph {\"align\":\"left\"} -->\n<p class=\"has-text-align-left\">Nous sommes heureux de vous souhaiter la bienvenue sur le site de l<strong>&lsquo;Eglise Protestante \u00c9vang\u00e9lique : L&rsquo;Olivier<\/strong> (EPE-L&rsquo;Olivier).<\/p>\n<!-- \/wp:paragraph --><!-- wp:paragraph -->\n<p>Une longue et belle histoire lie la ville de <strong>Saint-Egr\u00e8ve<\/strong> \u00e0 des hommes &amp; des femmes d\u00e9sireux d&rsquo;y voir rayonner une \u00e9glise \u00e9vang\u00e9lique &#8211; voir la rubrique \u00ab\u00a0<a href=\"https:\/\/epe-lolivier.fr\/index.php\/notre-identite\/\">Notre identit\u00e9<\/a>\u00a0\u00bb .<\/p>\n<!-- \/wp:paragraph --><!-- wp:paragraph -->\n<p>Que vous soyez en recherche d&rsquo;un lieu de d\u00e9couverte\u00a0de la foi chr\u00e9tienne ou d\u00e9j\u00e0 chr\u00e9tien depuis plusieurs ann\u00e9es, vous trouverez \u00e0 l&rsquo;EPE-L&rsquo;Olivier une famille multiculturelle et\u00a0multig\u00e9n\u00e9rationnelle bien d\u00e9cid\u00e9e \u00e0 \u00eatre une b\u00e9n\u00e9diction pour ceux et celles qui l&rsquo;entoure, notamment en leur apportant inlassablement la bonne nouvelle de J\u00e9sus-Christ, Sauveur.<\/p>\n<!-- \/wp:paragraph --><!-- wp:paragraph -->\n<p>En visitant notre site\u00a0vous apprendrez \u00e0 mieux nous conna\u00eetre, vous d\u00e9couvrirez nos activit\u00e9s, les \u00e9v\u00e9nements que nous organisons, etc.\u00a0<\/p>\n<!-- \/wp:paragraph --><!-- wp:paragraph -->\n<p>En lien avec les Eglises chr\u00e9tiennes de notre agglom\u00e9ration,\u00a0notre d\u00e9sir est d&rsquo;\u00eatre <em>\u00ab\u00a0<strong>une famille accueillante enracin\u00e9e en Christ<\/strong><\/em>\u00a0\u00bb &#8211; voir la rubrique \u00ab\u00a0<a href=\"https:\/\/epe-lolivier.fr\/index.php\/notre-raison-detre\/\">Notre raison d&rsquo;\u00eatre<\/a>\u00a0\u00bb .<\/p>\n<!-- \/wp:paragraph --><!-- wp:paragraph -->\n<p>En esp\u00e9rant vous rencontrer, nous vous souhaitons une bonne visite !<\/p>\n<!-- \/wp:paragraph --><!-- wp:paragraph -->\n<p>Pasteur David Buc<\/p>\n<!-- \/wp:paragraph -->\t\t\t\t\t\t<\/div>\n\t\t\t\t<\/div>\n\t\t\t\t\t<\/div>\n\t\t<\/div>\n\t\t\t\t\t\t\t<\/div>\n\t\t<\/section>\n\t\t\t\t\t\t\t<\/div>\n\t\t","protected":false},"excerpt":{"rendered":"<p>Cher visiteur, Nous sommes heureux de vous souhaiter la bienvenue sur le site de l&lsquo;Eglise Protestante \u00c9vang\u00e9lique : L&rsquo;Olivier (EPE-L&rsquo;Olivier).&hellip;<\/p>\n","protected":false},"author":1,"featured_media":0,"parent":0,"menu_order":0,"comment_status":"closed","ping_status":"closed","template":"","meta":{"footnotes":""},"class_list":["post-197","page","type-page","status-publish","hentry"],"_links":{"self":[{"href":"https:\/\/epe-lolivier.fr\/index.php\/wp-json\/wp\/v2\/pages\/197","targetHints":{"allow":["GET"]}}],"collection":[{"href":"https:\/\/epe-lolivier.fr\/index.php\/wp-json\/wp\/v2\/pages"}],"about":[{"href":"https:\/\/epe-lolivier.fr\/index.php\/wp-json\/wp\/v2\/types\/page"}],"author":[{"embeddable":true,"href":"https:\/\/epe-lolivier.fr\/index.php\/wp-json\/wp\/v2\/users\/1"}],"replies":[{"embeddable":true,"href":"https:\/\/epe-lolivier.fr\/index.php\/wp-json\/wp\/v2\/comments?post=197"}],"version-history":[{"count":32,"href":"https:\/\/epe-lolivier.fr\/index.php\/wp-json\/wp\/v2\/pages\/197\/revisions"}],"predecessor-version":[{"id":771,"href":"https:\/\/epe-lolivier.fr\/index.php\/wp-json\/wp\/v2\/pages\/197\/revisions\/771"}],"wp:attachment":[{"href":"https:\/\/epe-lolivier.fr\/index.php\/wp-json\/wp\/v2\/media?parent=197"}],"curies":[{"name":"wp","href":"https:\/\/api.w.org\/{rel}","templated":true}]}}