{"id":160,"date":"2019-12-28T03:10:03","date_gmt":"2019-12-28T02:10:03","guid":{"rendered":"http:\/\/epese.fr\/?page_id=160"},"modified":"2020-02-20T01:16:31","modified_gmt":"2020-02-20T00:16:31","slug":"le-culte","status":"publish","type":"page","link":"https:\/\/epe-lolivier.fr\/index.php\/le-culte\/","title":{"rendered":"Le culte"},"content":{"rendered":"\n<h3 class=\"has-text-color wp-block-heading\" style=\"color:#be953e\">Tous les dimanches matin \u00e0 <strong>10h30<\/strong><\/h3>\n\n\n\n<p>Moment fort de notre vie d&rsquo;\u00e9glise, le culte commence par un temps d\u2019accueil suivi d&rsquo;un temps d&rsquo;adoration par le chant et la pri\u00e8re.<br>Les moments de S<em>ainte-C\u00e8ne<\/em> (le partage du pain et du jus de raisin) et de <em>pr\u00e9dication <\/em>(exposition de la Parole de Dieu) sont d&rsquo;autres temps marquants de notre c\u00e9l\u00e9bration dominicale.<\/p>\n\n\n\n<p>Le culte se termine \u00e0 12h.<\/p>\n\n\n\n<p>Une \u00e9quipe se tient \u00e0 votre disposition si vous d\u00e9sirez en toute discr\u00e9tion parler ou prier avec quelqu&rsquo;un.<\/p>\n","protected":false},"excerpt":{"rendered":"<p>Tous les dimanches matin \u00e0 10h30 Moment fort de notre vie d&rsquo;\u00e9glise, le culte commence par un temps d\u2019accueil suivi&hellip;<\/p>\n","protected":false},"author":1,"featured_media":0,"parent":0,"menu_order":0,"comment_status":"closed","ping_status":"closed","template":"","meta":{"footnotes":""},"class_list":["post-160","page","type-page","status-publish","hentry"],"_links":{"self":[{"href":"https:\/\/epe-lolivier.fr\/index.php\/wp-json\/wp\/v2\/pages\/160","targetHints":{"allow":["GET"]}}],"collection":[{"href":"https:\/\/epe-lolivier.fr\/index.php\/wp-json\/wp\/v2\/pages"}],"about":[{"href":"https:\/\/epe-lolivier.fr\/index.php\/wp-json\/wp\/v2\/types\/page"}],"author":[{"embeddable":true,"href":"https:\/\/epe-lolivier.fr\/index.php\/wp-json\/wp\/v2\/users\/1"}],"replies":[{"embeddable":true,"href":"https:\/\/epe-lolivier.fr\/index.php\/wp-json\/wp\/v2\/comments?post=160"}],"version-history":[{"count":6,"href":"https:\/\/epe-lolivier.fr\/index.php\/wp-json\/wp\/v2\/pages\/160\/revisions"}],"predecessor-version":[{"id":630,"href":"https:\/\/epe-lolivier.fr\/index.php\/wp-json\/wp\/v2\/pages\/160\/revisions\/630"}],"wp:attachment":[{"href":"https:\/\/epe-lolivier.fr\/index.php\/wp-json\/wp\/v2\/media?parent=160"}],"curies":[{"name":"wp","href":"https:\/\/api.w.org\/{rel}","templated":true}]}}