{"id":121,"date":"2019-12-28T01:55:16","date_gmt":"2019-12-28T00:55:16","guid":{"rendered":"http:\/\/epese.fr\/?page_id=121"},"modified":"2020-02-14T19:08:10","modified_gmt":"2020-02-14T18:08:10","slug":"nous-croyons","status":"publish","type":"page","link":"https:\/\/epe-lolivier.fr\/index.php\/que-croyons-nous\/nous-croyons\/","title":{"rendered":"Notre confession de foi"},"content":{"rendered":"\n<h3 class=\"has-text-color wp-block-heading\" style=\"color:#be953e\"><strong>\u00ab\u00a0Ce que nous croyons \u00e0 l&rsquo;EPE-L&rsquo;Olivie<\/strong>r\u00a0\u00bb <\/h3>\n\n\n\n<p class=\"has-medium-font-size\">\n<strong>1 &#8211;\nDieu<\/strong><\/p>\n\n\n\n<p> Nous croyons en un Dieu personnel qui est le cr\u00e9ateur du ciel et de la terre. Il est r\u00e9v\u00e9l\u00e9 dans les \u00c9critures comme l&rsquo;unique Dieu manifest\u00e9 en Trinit\u00e9 :   <em>Dieu le P\u00e8re, Dieu le Fils et Dieu le Saint-Esprit<\/em>.  Il est saint, \u00e9ternel, souverain, infini, tout-puissant, omniscient, parfaitement sage, juste, bon, amour, lumi\u00e8re, esprit, et omnipr\u00e9sent.<\/p>\n\n\n\n<p class=\"has-medium-font-size\">\n<strong>2<\/strong><strong>\n&#8211; Le P\u00e8re<\/strong><\/p>\n\n\n\n<p>Le P\u00e8re, par la volont\u00e9 duquel tout a \u00e9t\u00e9 cr\u00e9\u00e9 poss\u00e8de l&rsquo;autorit\u00e9 absolue. <br>Saint, habitant une lumi\u00e8re inaccessible, Il est r\u00e9v\u00e9l\u00e9 aux hommes par J\u00e9sus-Christ par qui Il a fait conna\u00eetre sa volont\u00e9 de salut par gr\u00e2ce pour tous les hommes.<\/p>\n\n\n\n<p class=\"has-medium-font-size\">\n<strong>3 &#8211;\nLe Fils : <\/strong><strong>J\u00e9sus-Christ<\/strong><\/p>\n\n\n\n<p> J\u00e9sus-Christ, Fils unique de Dieu, con\u00e7u par le Saint-Esprit, n\u00e9 de la vierge Marie, Parole \u00e9ternelle, manifest\u00e9 en chair, sans p\u00e9ch\u00e9. <br> Il s&rsquo;est fait homme sans cesser d&rsquo;\u00eatre Dieu : il est pleinement humain et pleinement divin. <br>En mourant sur la croix il s&rsquo;est substitu\u00e9 \u00e0 nous et a pris sur lui la col\u00e8re et le ch\u00e2timent de notre p\u00e9ch\u00e9.<br>Sa r\u00e9surrection corporelle a manifest\u00e9 son triomphe sur le p\u00e9ch\u00e9, sur la mort et sur les puissances du mal. <br>Glorifi\u00e9 par son ascension aupr\u00e8s du P\u00e8re, Il interc\u00e8de pour les enfants de Dieu et demeure le seul m\u00e9diateur entre Dieu et les hommes. <br>Nous croyons qu\u2019Il reviendra en gloire, personnellement, corporellement et de fa\u00e7on visible pour juger les vivants et les morts et remettre le royaume \u00e0 Dieu son P\u00e8re.<\/p>\n\n\n\n<p class=\"has-medium-font-size\">\n<strong>4\n&#8211; Le Saint-Esprit<\/strong><\/p>\n\n\n\n<p> Le Saint-Esprit est une personne divine envoy\u00e9e par le P\u00e8re et le Fils. <br>Son \u0153uvre est de convaincre de p\u00e9ch\u00e9 les incroyants, de les r\u00e9g\u00e9n\u00e9rer (faire na\u00eetre \u00e0 une nouvelle vie spirituelle)et de demeurer dans tous les croyants en J\u00e9sus-Christ.<br>Au moment de leur conversion, tous les croyants sont baptis\u00e9s du Saint-Esprit pour former le corps de Christ, ils re\u00e7oivent son sceau et son onction.<br>Il d\u00e9sire les remplir et les conduire dans toute la v\u00e9rit\u00e9 afin qu&rsquo;ils m\u00e8nent une vie sanctifi\u00e9e qui porte le fruit de l&rsquo;Esprit.<br>Par l&rsquo;interm\u00e9diaire du Saint-Esprit, Dieu accorde un ou plusieurs dons \u00e0 chaque croyant comme Il veut pour l&rsquo;\u00e9dification de l\u2019\u00c9glise. Cependant, aucun don n&rsquo;est forc\u00e9ment destin\u00e9 \u00e0 tous. Aucun ne peut \u00eatre en soi un signe indispensable et certain du bapt\u00eame ou de la pl\u00e9nitude du Saint-Esprit et ne peut permettre \u00e0 celui qui le poss\u00e8de de se pr\u00e9valoir d&rsquo;une quelconque sup\u00e9riorit\u00e9 spirituelle.<br>L&rsquo;exercice de ces dons, qu&rsquo;elle qu&rsquo;en soit la forme, ne peut en aucun cas, contredire, alt\u00e9rer ou compl\u00e9ter l\u2019\u00c9criture Sainte ni se substituer \u00e0 elle.<br>De plus l&rsquo;exercice public des dons spirituels sont soumis \u00e0 l\u2019approbation des responsables de l\u2019\u00c9glise.<\/p>\n\n\n\n<p class=\"has-medium-font-size\">\n<strong>5 &#8211;\nLa Bible<\/strong><\/p>\n\n\n\n<p> La Bible est la Parole de Dieu qui r\u00e9v\u00e8le son plan de salut par J\u00e9sus-Christ.<br>Le Saint-Esprit a veill\u00e9 sur la formation des 66 livres qui constituent l&rsquo;Ancien et le Nouveau Testament.<br>Par son Esprit, Dieu a conduit les \u00e9crivains sacr\u00e9s dans toute l&rsquo;autorit\u00e9 divine et l\u2019\u00c9glise s&rsquo;y soumet enti\u00e8rement et en tout.<br>L&rsquo;action de l&rsquo;Esprit est indispensable pour l&rsquo;\u00e9tude, la compr\u00e9hension et la mise en pratique de la Parole de Dieu.<br>Les textes originaux de l\u2019\u00c9criture Sainte toute enti\u00e8re sont verbalement inspir\u00e9s par Dieu et donc exempts d&rsquo;erreur et ont une autorit\u00e9 absolue, permanente et d\u00e9finitive.<br>La Bible est l&rsquo;unique r\u00e8gle de foi et de vie du chr\u00e9tien et de l\u2019\u00c9glise. Personne n&rsquo;est autoris\u00e9 par Dieu \u00e0 modifier la r\u00e9v\u00e9lation des Saintes \u00c9critures.<\/p>\n\n\n\n<p class=\"has-medium-font-size\">\n<strong>6<\/strong><strong>\n&#8211; Les Anges<\/strong><\/p>\n\n\n\n<p>Les anges sont des cr\u00e9atures c\u00e9lestes, les uns au service de Dieu et des saints, les autres au service du diable et du mal. Les anges d\u00e9chus ont \u00e9t\u00e9 vaincus \u00e0 la croix du Calvaire et seront jet\u00e9s dans l&rsquo;\u00e9tang de feu pour y \u00eatre \u00e9ternellement tourment\u00e9s.<\/p>\n\n\n\n<p class=\"has-medium-font-size\">\n<strong>7-\nSatan<\/strong><\/p>\n\n\n\n<p>Satan (= adversaire) est une personne, adversaire d\u00e9clar\u00e9 de Dieu et de ses enfants, aussi appel\u00e9 Diable (= diviseur), l&rsquo;ennemi, le malin, le prince de ce monde, le dieu de ce si\u00e8cle. Cr\u00e9\u00e9 pour glorifier Dieu, il a \u00e9t\u00e9 d\u00e9chu de sa position initiale du fait de sa r\u00e9bellion orgueilleuse.<br>Tentateur et initiateur du mal, menteur et meurtrier, s&rsquo;il accuse encore les enfants de Dieu, son pouvoir est n\u00e9anmoins entam\u00e9 et limit\u00e9 : il a \u00e9t\u00e9 vaincu par la mort et la r\u00e9surrection de J\u00e9sus-Christ et sera jet\u00e9 dans l&rsquo;\u00e9tang de feu o\u00f9 il sera \u00e9ternellement tourment\u00e9.<\/p>\n\n\n\n<p class=\"has-medium-font-size\">\n<strong>8 &#8211;\nL&rsquo;Homme<\/strong><\/p>\n\n\n\n<p> Nous croyons que le premier homme a \u00e9t\u00e9 cr\u00e9\u00e9 sans p\u00e9ch\u00e9 et \u00e0 l&rsquo;image de Dieu pour vivre en communion avec Lui. En rejetant volontairement l&rsquo;autorit\u00e9 divine, il est tomb\u00e9 dans le p\u00e9ch\u00e9, au pouvoir de Satan.<br>Sa culpabilit\u00e9 le s\u00e9pare de Dieu et lui fait encourir le juste jugement de Dieu : la mort physique et spirituelle.<br>Tous ses descendants, h\u00e9ritant par solidarit\u00e9 sa nature p\u00e9cheresse, sont enclins au mal, sont perdus \u00e0 cause de leur p\u00e9ch\u00e9 et ne peuvent parvenir \u00e0 leur propre salut. Ils tombent sous le coup de la juste condamnation de Dieu et de la mort.<\/p>\n\n\n\n<p class=\"has-medium-font-size\">\n<strong>9 &#8211;\nLe Salut<\/strong><\/p>\n\n\n\n<p> Le salut est enti\u00e8rement gratuit, c&rsquo;est un don de la gr\u00e2ce de Dieu, nullement m\u00e9rit\u00e9, ni acquis par les \u0153uvres ou les efforts du p\u00e9cheur sous quelque forme que ce soit.<br>Le seul moyen de salut est en J\u00e9sus-Christ. Dieu accorde le pardon des p\u00e9ch\u00e9s et le don du Saint-Esprit individuellement \u00e0 ceux qui se repentent de leurs propres p\u00e9ch\u00e9s et qui croient en J\u00e9sus-Christ en vertu de sa mort expiatoire et substitutive et de sa r\u00e9surrection.<br>Ceux qui acceptent ce salut (par la repentance et la foi) re\u00e7oivent par le Saint-Esprit, l&rsquo;assurance de la vie \u00e9ternelle et entrent dans une nouvelle relation avec Dieu. Ils naissent ainsi de nouveau par le Saint-Esprit dont ils sont baptis\u00e9s pour \u00eatre int\u00e9gr\u00e9s \u00e0 l\u2019\u00c9glise de J\u00e9sus-Christ.<br>Celui qui croit en J\u00e9sus-Christ et a \u00e9t\u00e9 r\u00e9g\u00e9n\u00e9r\u00e9, ne peut perdre son salut, Dieu le rendant capable de pers\u00e9v\u00e9rer jusqu&rsquo;\u00e0 la fin. Il a la ferme assurance de la r\u00e9surrection m\u00eame si la pl\u00e9nitude de ce salut ne se manifestera qu&rsquo;au retour de Christ.<br>Le salut en Christ, bien que gratuit, n&rsquo;est pas un salut \u00ab\u00a0\u00e0 bon march\u00e9\u00a0\u00bb.<br>Conscient de ce que cela \u00e0 co\u00fbter \u00e0 Dieu, nous sommes appel\u00e9s \u00e0 vivre une vie en coh\u00e9rence avec ce salut acquis pour nous par Christ \u00e0 la croix (voir point suivant sur \u00ab&nbsp;la vie chr\u00e9tienne&nbsp;\u00bb).<\/p>\n\n\n\n<p class=\"has-medium-font-size\">\n<strong>10 &#8211;\nLa Vie Chr\u00e9tienne<\/strong><\/p>\n\n\n\n<p> Cette vie nouvelle en J\u00e9sus-Christ se manifeste par une transformation profonde du croyant. J\u00e9sus-Christ devient son Sauveur, lui donnant la victoire sur le monde, sur le p\u00e9ch\u00e9 et sur la chair pour marcher dans la pl\u00e9nitude de l&rsquo;Esprit qui se manifeste par le fruit de l&rsquo;Esprit.<br>Cette marche en nouveaut\u00e9 de vie, entretenue et renouvel\u00e9e par le Saint-Esprit consiste \u00e0 cro\u00eetre dans la communion avec Dieu, dans la connaissance et l&rsquo;ob\u00e9issance \u00e0 Sa Parole et \u00e0 progresser dans la ressemblance \u00e0 J\u00e9sus-Christ.<br>La r\u00e9alit\u00e9 de la foi se refl\u00e8te dans le renoncement \u00e0 soi-m\u00eame, le produit des \u0153uvres et la pers\u00e9v\u00e9rance jusqu&rsquo;\u00e0 la fin. Cependant tout ceci n&rsquo;est autre que l&rsquo;effet de la gr\u00e2ce de Dieu envers nous.<\/p>\n\n\n\n<p class=\"has-medium-font-size\">\n<strong>11\n\u2013 L<\/strong><strong>e\npeuple de Dieu<\/strong><\/p>\n\n\n\n<p> Nous croyons en l&rsquo;\u00e9glise, le nouveau peuple de Dieu, continuit\u00e9 d\u2019Isra\u00ebl, peuple choisi par Dieu sous l&rsquo;ancienne alliance.<br>Nous croyons que l&rsquo;\u00e9glise est au centre du plan de Dieu pour r\u00e9v\u00e9ler sa sagesse et son salut au monde.<br>Nous croyons que J\u00e9sus-Christ est la t\u00eate de l\u2019\u00c9glise, et qu&rsquo;il se l&rsquo;est acquise par son sang, afin de la racheter de toute iniquit\u00e9, et de se faire un peuple qui lui appartienne, purifi\u00e9 par lui et z\u00e9l\u00e9 pour les \u0153uvres bonnes.<br>Nous croyons que la principale vocation de l&rsquo;\u00e9glise est \u00ab d&rsquo;annoncer les vertus de celui qui l&rsquo;a appel\u00e9 des t\u00e9n\u00e8bres \u00e0 son admirable lumi\u00e8re \u00bb.<br>Nous croyons que le Nouveau Testament fait une distinction entre l\u2019\u00c9glise universelle et les \u00e9glises locales : L\u2019\u00c9glise universelle constitu\u00e9e de tous les vrais croyants, et les \u00e9glise locales (groupes de croyants) qui se r\u00e9unissent aujourd&rsquo;hui dans le temps et dans l&rsquo;espace et qui repr\u00e9sentent une partie de l\u2019\u00c9glise universelle.<br>Ainsi, nous croyons qu&rsquo;aucune d\u00e9nomination ne constitue l\u2019\u00c9glise universelle dans la mesure o\u00f9 seul Dieu conna\u00eet sa composition et o\u00f9 elle ne sera rassembl\u00e9e qu&rsquo;apr\u00e8s le retour de J\u00e9sus-Christ, dans l&rsquo;\u00e9ternit\u00e9.<br>L\u2019\u00c9glise se distingue par son message \u00e9vang\u00e9lique, ses ordonnances sacr\u00e9es, sa discipline, sa grande mission et, par-dessus tout, par son amour pour Dieu ainsi que par l\u2019amour de ses membres les uns pour les autres et pour le monde.<br>Cet \u00c9vangile que nous ch\u00e9rissons comporte des dimensions \u00e0 la fois personnelles et communautaires, dont aucune ne doit \u00eatre n\u00e9glig\u00e9e.<\/p>\n\n\n\n<p class=\"has-medium-font-size\">\n<strong>12 &#8211;\nL\u2019\u00c9glise\net l&rsquo;\u00e9tat<\/strong><\/p>\n\n\n\n<p>L\u2019\u00c9glise est envoy\u00e9e par Christ dans le monde pour annoncer l\u2019\u00c9vangile.  Par cons\u00e9quent, elle ne doit ni s&rsquo;en retirer, ni se confondre avec lui.<br>Le chr\u00e9tien doit prier pour tous les hommes et sp\u00e9cialement pour les dirigeants qui d\u00e9tiennent leur autorit\u00e9 de Dieu.<br>Il doit rendre aux autorit\u00e9s nationales et locales ce qui leur est d\u00fb, la soumission et l&rsquo;ob\u00e9issance. La Bible indique quel chemin \u00e0 suivre en cas de conflit avec l&rsquo;autorit\u00e9 civile.<\/p>\n\n\n\n<p class=\"has-medium-font-size\">\n<strong>13\n&#8211; \nLa\nfin des temps<\/strong><\/p>\n\n\n\n<p>Nous croyons que le retour de J\u00e9sus-Christ sera un \u00e9v\u00e9nement historique (identifiable dans le temps et dans l&rsquo;espace) et qu&rsquo;il sera :<br>&#8211; <em>Personnel<\/em> (J\u00e9sus reviendra en personne)<br>&#8211; <em>Soudain<\/em> (J\u00e9sus reviendra comme un voleur dans la nuit)<br>&#8211; V<em>isible<\/em> (J\u00e9sus reviendra de la m\u00eame mani\u00e8re qu&rsquo;il est venu : au vu et au su de tout le monde)<br>&#8211; <em>Glorieux<\/em> (J\u00e9sus reviendra \u00ab dans sa gloire \u00bb en tant que Roi des rois).<br>Au retour de Christ, les justes et les injustes ressusciteront corporellement, les justes pour la vie \u00e9ternelle avec Dieu, les injustes pour le ch\u00e2timent \u00e9ternel.<br>Le r\u00e8gne de Dieu mettra fin aux injustices et instituera la paix \u00e9ternelle.<\/p>\n","protected":false},"excerpt":{"rendered":"<p>\u00ab\u00a0Ce que nous croyons \u00e0 l&rsquo;EPE-L&rsquo;Olivier\u00a0\u00bb 1 &#8211; Dieu Nous croyons en un Dieu personnel qui est le cr\u00e9ateur du&hellip;<\/p>\n","protected":false},"author":1,"featured_media":0,"parent":10,"menu_order":0,"comment_status":"closed","ping_status":"closed","template":"","meta":{"footnotes":""},"class_list":["post-121","page","type-page","status-publish","hentry"],"_links":{"self":[{"href":"https:\/\/epe-lolivier.fr\/index.php\/wp-json\/wp\/v2\/pages\/121","targetHints":{"allow":["GET"]}}],"collection":[{"href":"https:\/\/epe-lolivier.fr\/index.php\/wp-json\/wp\/v2\/pages"}],"about":[{"href":"https:\/\/epe-lolivier.fr\/index.php\/wp-json\/wp\/v2\/types\/page"}],"author":[{"embeddable":true,"href":"https:\/\/epe-lolivier.fr\/index.php\/wp-json\/wp\/v2\/users\/1"}],"replies":[{"embeddable":true,"href":"https:\/\/epe-lolivier.fr\/index.php\/wp-json\/wp\/v2\/comments?post=121"}],"version-history":[{"count":21,"href":"https:\/\/epe-lolivier.fr\/index.php\/wp-json\/wp\/v2\/pages\/121\/revisions"}],"predecessor-version":[{"id":604,"href":"https:\/\/epe-lolivier.fr\/index.php\/wp-json\/wp\/v2\/pages\/121\/revisions\/604"}],"up":[{"embeddable":true,"href":"https:\/\/epe-lolivier.fr\/index.php\/wp-json\/wp\/v2\/pages\/10"}],"wp:attachment":[{"href":"https:\/\/epe-lolivier.fr\/index.php\/wp-json\/wp\/v2\/media?parent=121"}],"curies":[{"name":"wp","href":"https:\/\/api.w.org\/{rel}","templated":true}]}}